{"id":777,"date":"2012-11-04T17:05:24","date_gmt":"2012-11-04T16:05:24","guid":{"rendered":"http:\/\/www.sg-wiedau.de\/?page_id=777"},"modified":"2012-11-15T04:10:36","modified_gmt":"2012-11-15T03:10:36","slug":"vereinsmeisterschaft-2009","status":"publish","type":"page","link":"https:\/\/www.sg-wiedau.de\/?page_id=777","title":{"rendered":"2009"},"content":{"rendered":"<div id=\"attachment_780\" style=\"width: 610px\" class=\"wp-caption alignleft\"><img loading=\"lazy\" decoding=\"async\" aria-describedby=\"caption-attachment-780\" class=\"size-full wp-image-780\" title=\"&lt;Samsung NV3, Samsung VLUU NV3&gt;\" src=\"http:\/\/www.sg-wiedau.de\/wp-content\/uploads\/SNV31062.jpg\" alt=\"\" width=\"600\" height=\"450\" srcset=\"https:\/\/www.sg-wiedau.de\/wp-content\/uploads\/SNV31062.jpg 600w, https:\/\/www.sg-wiedau.de\/wp-content\/uploads\/SNV31062-300x225.jpg 300w\" sizes=\"auto, (max-width: 600px) 100vw, 600px\" \/><p id=\"caption-attachment-780\" class=\"wp-caption-text\">Einspielphase<\/p><\/div>\n<div id=\"attachment_781\" style=\"width: 610px\" class=\"wp-caption alignleft\"><img loading=\"lazy\" decoding=\"async\" aria-describedby=\"caption-attachment-781\" class=\"size-full wp-image-781\" src=\"http:\/\/www.sg-wiedau.de\/wp-content\/uploads\/SNV31066.jpg\" alt=\"\" width=\"600\" height=\"450\" srcset=\"https:\/\/www.sg-wiedau.de\/wp-content\/uploads\/SNV31066.jpg 600w, https:\/\/www.sg-wiedau.de\/wp-content\/uploads\/SNV31066-300x225.jpg 300w\" sizes=\"auto, (max-width: 600px) 100vw, 600px\" \/><p id=\"caption-attachment-781\" class=\"wp-caption-text\">Vorne im Bild spielen Johann Enns und Tassilo Turner gegeneinander<\/p><\/div>\n<div id=\"attachment_782\" style=\"width: 610px\" class=\"wp-caption alignleft\"><img loading=\"lazy\" decoding=\"async\" aria-describedby=\"caption-attachment-782\" class=\"size-full wp-image-782 \" src=\"http:\/\/www.sg-wiedau.de\/wp-content\/uploads\/SNV31069.jpg\" alt=\"\" width=\"600\" height=\"450\" srcset=\"https:\/\/www.sg-wiedau.de\/wp-content\/uploads\/SNV31069.jpg 600w, https:\/\/www.sg-wiedau.de\/wp-content\/uploads\/SNV31069-300x225.jpg 300w\" sizes=\"auto, (max-width: 600px) 100vw, 600px\" \/><p id=\"caption-attachment-782\" class=\"wp-caption-text\">Erm\u00fcdete Spieler in der Pause<\/p><\/div>\n<div id=\"attachment_783\" style=\"width: 610px\" class=\"wp-caption alignleft\"><img loading=\"lazy\" decoding=\"async\" aria-describedby=\"caption-attachment-783\" class=\"size-full wp-image-783 \" src=\"http:\/\/www.sg-wiedau.de\/wp-content\/uploads\/SNV31072.jpg\" alt=\"\" width=\"600\" height=\"450\" srcset=\"https:\/\/www.sg-wiedau.de\/wp-content\/uploads\/SNV31072.jpg 600w, https:\/\/www.sg-wiedau.de\/wp-content\/uploads\/SNV31072-300x225.jpg 300w\" sizes=\"auto, (max-width: 600px) 100vw, 600px\" \/><p id=\"caption-attachment-783\" class=\"wp-caption-text\">Die Verantwortlichen unter der Regie von Tassilo Turner beim Notieren der Ergebnisse<\/p><\/div>\n<div id=\"attachment_784\" style=\"width: 610px\" class=\"wp-caption alignleft\"><img loading=\"lazy\" decoding=\"async\" aria-describedby=\"caption-attachment-784\" class=\"size-full wp-image-784 \" src=\"http:\/\/www.sg-wiedau.de\/wp-content\/uploads\/SNV31073.jpg\" alt=\"\" width=\"600\" height=\"450\" srcset=\"https:\/\/www.sg-wiedau.de\/wp-content\/uploads\/SNV31073.jpg 600w, https:\/\/www.sg-wiedau.de\/wp-content\/uploads\/SNV31073-300x225.jpg 300w\" sizes=\"auto, (max-width: 600px) 100vw, 600px\" \/><p id=\"caption-attachment-784\" class=\"wp-caption-text\">Gem\u00fctliches Zusammensitzen in der Hasenheide<\/p><\/div>\n<div id=\"attachment_785\" style=\"width: 610px\" class=\"wp-caption alignleft\"><img loading=\"lazy\" decoding=\"async\" aria-describedby=\"caption-attachment-785\" class=\"size-full wp-image-785 \" src=\"http:\/\/www.sg-wiedau.de\/wp-content\/uploads\/SNV31075.jpg\" alt=\"\" width=\"600\" height=\"450\" srcset=\"https:\/\/www.sg-wiedau.de\/wp-content\/uploads\/SNV31075.jpg 600w, https:\/\/www.sg-wiedau.de\/wp-content\/uploads\/SNV31075-300x225.jpg 300w\" sizes=\"auto, (max-width: 600px) 100vw, 600px\" \/><p id=\"caption-attachment-785\" class=\"wp-caption-text\">Leere M\u00e4gen und volle Teller<\/p><\/div>\n","protected":false},"excerpt":{"rendered":"<p>Einspielphase Vorne im Bild spielen Johann Enns und Tassilo Turner gegeneinander Erm\u00fcdete Spieler in der Pause Die Verantwortlichen unter der Regie von Tassilo Turner beim Notieren der Ergebnisse Gem\u00fctliches Zusammensitzen in der Hasenheide Leere M\u00e4gen und volle Teller<\/p>\n","protected":false},"author":6,"featured_media":0,"parent":0,"menu_order":0,"comment_status":"closed","ping_status":"closed","template":"onecolumn-page.php","meta":{"ngg_post_thumbnail":0,"footnotes":""},"class_list":["post-777","page","type-page","status-publish","hentry"],"_links":{"self":[{"href":"https:\/\/www.sg-wiedau.de\/index.php?rest_route=\/wp\/v2\/pages\/777","targetHints":{"allow":["GET"]}}],"collection":[{"href":"https:\/\/www.sg-wiedau.de\/index.php?rest_route=\/wp\/v2\/pages"}],"about":[{"href":"https:\/\/www.sg-wiedau.de\/index.php?rest_route=\/wp\/v2\/types\/page"}],"author":[{"embeddable":true,"href":"https:\/\/www.sg-wiedau.de\/index.php?rest_route=\/wp\/v2\/users\/6"}],"replies":[{"embeddable":true,"href":"https:\/\/www.sg-wiedau.de\/index.php?rest_route=%2Fwp%2Fv2%2Fcomments&post=777"}],"version-history":[{"count":14,"href":"https:\/\/www.sg-wiedau.de\/index.php?rest_route=\/wp\/v2\/pages\/777\/revisions"}],"predecessor-version":[{"id":1382,"href":"https:\/\/www.sg-wiedau.de\/index.php?rest_route=\/wp\/v2\/pages\/777\/revisions\/1382"}],"wp:attachment":[{"href":"https:\/\/www.sg-wiedau.de\/index.php?rest_route=%2Fwp%2Fv2%2Fmedia&parent=777"}],"curies":[{"name":"wp","href":"https:\/\/api.w.org\/{rel}","templated":true}]}}